{"id":16717,"date":"2021-10-12T16:27:24","date_gmt":"2021-10-12T16:27:24","guid":{"rendered":"https:\/\/deltaweb.store\/cam\/contact-us\/"},"modified":"2024-01-19T15:08:36","modified_gmt":"2024-01-19T15:08:36","slug":"contact-us","status":"publish","type":"page","link":"https:\/\/www.chamistanbul.com\/ar\/contact-us\/","title":{"rendered":"\u0627\u062a\u0635\u0644 \u0628\u0646\u0627"},"content":{"rendered":"\t\t<div data-elementor-type=\"wp-page\" data-elementor-id=\"16717\" class=\"elementor elementor-16717 elementor-4439\">\n\t\t\t\t<div class=\"elementor-element elementor-element-924ac01 e-con-full wd-section-stretch e-flex e-con e-parent\" data-id=\"924ac01\" data-element_type=\"container\">\n\t\t\t\t<div class=\"elementor-element elementor-element-9079084 elementor-widget elementor-widget-google_maps\" data-id=\"9079084\" data-element_type=\"widget\" data-widget_type=\"google_maps.default\">\n\t\t\t\t<div class=\"elementor-widget-container\">\n\t\t\t\t\t\t\t<div class=\"elementor-custom-embed\">\n\t\t\t<iframe\n\t\t\t\t\tdata-src=\"https:\/\/maps.google.com\/maps?q=Atak%C3%B6y%207.8.9.10%20k%C4%B1s%C4%B1m%20route%20%C4%B0stanbul%20B%20blook%2063%20daire%2C%2034156%20Bak%C4%B1rk%C3%B6y%2F%C4%B0stanbul&#038;t=m&#038;z=10&#038;output=embed&#038;iwloc=near\"\n\t\t\t\t\ttitle=\"Atak\u00f6y 7.8.9.10 k\u0131s\u0131m route \u0130stanbul B blook 63 daire, 34156 Bak\u0131rk\u00f6y\/\u0130stanbul\"\n\t\t\t\t\taria-label=\"Atak\u00f6y 7.8.9.10 k\u0131s\u0131m route \u0130stanbul B blook 63 daire, 34156 Bak\u0131rk\u00f6y\/\u0130stanbul\"\n\t\t\t src=\"data:image\/svg+xml;base64,PHN2ZyB3aWR0aD0iMSIgaGVpZ2h0PSIxIiB4bWxucz0iaHR0cDovL3d3dy53My5vcmcvMjAwMC9zdmciPjwvc3ZnPg==\" class=\"lazyload\" data-load-mode=\"1\"><\/iframe>\n\t\t<\/div>\n\t\t\t\t\t\t<\/div>\n\t\t\t\t<\/div>\n\t\t\t\t<\/div>\n\t\t\t\t<section class=\"wd-negative-gap elementor-section elementor-top-section elementor-element elementor-element-1c9344a2 elementor-section-boxed elementor-section-height-default elementor-section-height-default\" data-id=\"1c9344a2\" data-element_type=\"section\">\n\t\t\t\t\t\t<div class=\"elementor-container elementor-column-gap-default\">\n\t\t\t\t\t<div class=\"elementor-column elementor-col-50 elementor-top-column elementor-element elementor-element-41bec3dc\" data-id=\"41bec3dc\" data-element_type=\"column\">\n\t\t\t<div class=\"elementor-widget-wrap elementor-element-populated\">\n\t\t\t\t\t\t<div class=\"elementor-element elementor-element-88ca337 wd-width-100 elementor-widget elementor-widget-wd_title\" data-id=\"88ca337\" data-element_type=\"widget\" data-widget_type=\"wd_title.default\">\n\t\t\t\t<div class=\"elementor-widget-container\">\n\t\t\t\t\t\t\t<div class=\"title-wrapper wd-set-mb reset-last-child wd-title-color-default wd-title-style-default wd-title-size-default text-right\">\n\n\t\t\t\t\t\t\t\t\t\t\t<div class=\"title-subtitle subtitle-color-default subtitle-style-default wd-fontsize-xs\">\n\t\t\t\t\t\u0627\u062a\u0635\u0644 \u0628\u0646\u0627\t\t\t\t<\/div>\n\t\t\t\n\t\t\t<div class=\"liner-continer\">\n\t\t\t\t<h4 class=\"woodmart-title-container title wd-fontsize-l\">\u0627\u062a\u0635\u0644 \u0628\u0646\u0627 \u0625\u0630\u0627 \u0643\u0627\u0646\u062a \u0644\u062f\u064a\u0643 \u0623\u064a \u0623\u0633\u0626\u0644\u0629<\/h4> \n\t\t\t\t\t\t\t<\/div>\n\n\t\t\t\t\t<\/div>\n\t\t\t\t\t\t<\/div>\n\t\t\t\t<\/div>\n\t\t\t\t<div class=\"elementor-element elementor-element-5ce0072f wd-cf7 elementor-widget elementor-widget-wd_contact_form_7\" data-id=\"5ce0072f\" data-element_type=\"widget\" data-widget_type=\"wd_contact_form_7.default\">\n\t\t\t\t<div class=\"elementor-widget-container\">\n\t\t\t\t\t\n<div class=\"wpcf7 no-js\" id=\"wpcf7-f1572-o1\" lang=\"en-US\" dir=\"ltr\" data-wpcf7-id=\"1572\">\n<div class=\"screen-reader-response\"><p role=\"status\" aria-live=\"polite\" aria-atomic=\"true\"><\/p> <ul><\/ul><\/div>\n<form action=\"\/ar\/wp-json\/wp\/v2\/pages\/16717#wpcf7-f1572-o1\" method=\"post\" class=\"wpcf7-form init\" aria-label=\"Contact form\" novalidate=\"novalidate\" data-status=\"init\">\n<fieldset class=\"hidden-fields-container\"><input type=\"hidden\" name=\"_wpcf7\" value=\"1572\" \/><input type=\"hidden\" name=\"_wpcf7_version\" value=\"6.1.3\" \/><input type=\"hidden\" name=\"_wpcf7_locale\" value=\"en_US\" \/><input type=\"hidden\" name=\"_wpcf7_unit_tag\" value=\"wpcf7-f1572-o1\" \/><input type=\"hidden\" name=\"_wpcf7_container_post\" value=\"0\" \/><input type=\"hidden\" name=\"_wpcf7_posted_data_hash\" value=\"\" \/>\n<\/fieldset>\n<div class=\"row\">\n\t<p class=\"col-md-6\"><label>Your Name<\/label><span class=\"wpcf7-form-control-wrap\" data-name=\"your-name\"><input size=\"40\" maxlength=\"400\" class=\"wpcf7-form-control wpcf7-text wpcf7-validates-as-required\" aria-required=\"true\" aria-invalid=\"false\" value=\"\" type=\"text\" name=\"your-name\" \/><\/span>\n\t<\/p>\n\t<p class=\"col-md-6\"><label>Your Email<\/label><span class=\"wpcf7-form-control-wrap\" data-name=\"your-email\"><input size=\"40\" maxlength=\"400\" class=\"wpcf7-form-control wpcf7-email wpcf7-validates-as-required wpcf7-text wpcf7-validates-as-email\" aria-required=\"true\" aria-invalid=\"false\" value=\"\" type=\"email\" name=\"your-email\" \/><\/span>\n\t<\/p>\n<\/div>\n<div class=\"row\">\n\t<p class=\"col-md-6\"><label>Phone Number<\/label><span class=\"wpcf7-form-control-wrap\" data-name=\"tel-767\"><input size=\"40\" maxlength=\"400\" class=\"wpcf7-form-control wpcf7-tel wpcf7-text wpcf7-validates-as-tel\" aria-invalid=\"false\" value=\"\" type=\"tel\" name=\"tel-767\" \/><\/span>\n\t<\/p>\n\t<p class=\"col-md-6\"><label>Company<\/label><span class=\"wpcf7-form-control-wrap\" data-name=\"text-1\"><input size=\"40\" maxlength=\"400\" class=\"wpcf7-form-control wpcf7-text\" aria-invalid=\"false\" value=\"\" type=\"text\" name=\"text-1\" \/><\/span>\n\t<\/p>\n<\/div>\n<p><label>Your Message<\/label><span class=\"wpcf7-form-control-wrap\" data-name=\"your-message\"><textarea cols=\"40\" rows=\"10\" maxlength=\"2000\" class=\"wpcf7-form-control wpcf7-textarea\" aria-invalid=\"false\" name=\"your-message\"><\/textarea><\/span>\n<\/p>\n<p><input class=\"wpcf7-form-control wpcf7-submit has-spinner btn-color-black\" type=\"submit\" value=\"ASK A QUESTION\" \/>\n<\/p><p style=\"display: none !important;\" class=\"akismet-fields-container\" data-prefix=\"_wpcf7_ak_\"><label>&#916;<textarea name=\"_wpcf7_ak_hp_textarea\" cols=\"45\" rows=\"8\" maxlength=\"100\"><\/textarea><\/label><input type=\"hidden\" id=\"ak_js_1\" name=\"_wpcf7_ak_js\" value=\"3\"\/><script>document.getElementById( \"ak_js_1\" ).setAttribute( \"value\", ( new Date() ).getTime() );<\/script><\/p><div class=\"wpcf7-response-output\" aria-hidden=\"true\"><\/div>\n<\/form>\n<\/div>\n\t\t\t\t<\/div>\n\t\t\t\t<\/div>\n\t\t\t\t\t<\/div>\n\t\t<\/div>\n\t\t\t\t<div class=\"elementor-column elementor-col-50 elementor-top-column elementor-element elementor-element-a4e7846\" data-id=\"a4e7846\" data-element_type=\"column\">\n\t\t\t<div class=\"elementor-widget-wrap elementor-element-populated\">\n\t\t\t\t\t\t<div class=\"elementor-element elementor-element-bd85d99 elementor-widget elementor-widget-image\" data-id=\"bd85d99\" data-element_type=\"widget\" data-widget_type=\"image.default\">\n\t\t\t\t<div class=\"elementor-widget-container\">\n\t\t\t\t\t\t\t\t\t\t\t\t\t\t\t<img decoding=\"async\" width=\"300\" height=\"300\" data-src=\"https:\/\/www.chamistanbul.com\/wp-content\/uploads\/2023\/12\/Untitled-design-300x300.png\" class=\"attachment-medium size-medium wp-image-16551 lazyload\" alt=\"\" data-srcset=\"https:\/\/www.chamistanbul.com\/wp-content\/uploads\/2023\/12\/Untitled-design-300x300.png 300w, https:\/\/www.chamistanbul.com\/wp-content\/uploads\/2023\/12\/Untitled-design-430x430.png 430w, https:\/\/www.chamistanbul.com\/wp-content\/uploads\/2023\/12\/Untitled-design-150x150.png 150w, https:\/\/www.chamistanbul.com\/wp-content\/uploads\/2023\/12\/Untitled-design.png 500w\" data-sizes=\"(max-width: 300px) 100vw, 300px\" src=\"data:image\/svg+xml;base64,PHN2ZyB3aWR0aD0iMSIgaGVpZ2h0PSIxIiB4bWxucz0iaHR0cDovL3d3dy53My5vcmcvMjAwMC9zdmciPjwvc3ZnPg==\" style=\"--smush-placeholder-width: 300px; --smush-placeholder-aspect-ratio: 300\/300;\" \/>\t\t\t\t\t\t\t\t\t\t\t\t\t\t\t<\/div>\n\t\t\t\t<\/div>\n\t\t\t\t<div class=\"elementor-element elementor-element-2b953d8 elementor-align-center elementor-icon-list--layout-traditional elementor-list-item-link-full_width elementor-widget elementor-widget-icon-list\" data-id=\"2b953d8\" data-element_type=\"widget\" data-widget_type=\"icon-list.default\">\n\t\t\t\t<div class=\"elementor-widget-container\">\n\t\t\t\t\t\t\t<ul class=\"elementor-icon-list-items\">\n\t\t\t\t\t\t\t<li class=\"elementor-icon-list-item\">\n\t\t\t\t\t\t\t\t\t\t\t<span class=\"elementor-icon-list-icon\">\n\t\t\t\t\t\t\t<i aria-hidden=\"true\" class=\"icon icon-email\"><\/i>\t\t\t\t\t\t<\/span>\n\t\t\t\t\t\t\t\t\t\t<span class=\"elementor-icon-list-text\">info@chamistanbul.com<\/span>\n\t\t\t\t\t\t\t\t\t<\/li>\n\t\t\t\t\t\t\t\t<li class=\"elementor-icon-list-item\">\n\t\t\t\t\t\t\t\t\t\t\t<span class=\"elementor-icon-list-icon\">\n\t\t\t\t\t\t\t<i aria-hidden=\"true\" class=\"icon icon-phone-handset\"><\/i>\t\t\t\t\t\t<\/span>\n\t\t\t\t\t\t\t\t\t\t<span class=\"elementor-icon-list-text\">00905526848047<\/span>\n\t\t\t\t\t\t\t\t\t<\/li>\n\t\t\t\t\t\t\t\t<li class=\"elementor-icon-list-item\">\n\t\t\t\t\t\t\t\t\t\t\t<span class=\"elementor-icon-list-icon\">\n\t\t\t\t\t\t\t<svg aria-hidden=\"true\" class=\"e-font-icon-svg e-fas-map-marker-alt\" viewBox=\"0 0 384 512\" xmlns=\"http:\/\/www.w3.org\/2000\/svg\"><path d=\"M172.268 501.67C26.97 291.031 0 269.413 0 192 0 85.961 85.961 0 192 0s192 85.961 192 192c0 77.413-26.97 99.031-172.268 309.67-9.535 13.774-29.93 13.773-39.464 0zM192 272c44.183 0 80-35.817 80-80s-35.817-80-80-80-80 35.817-80 80 35.817 80 80 80z\"><\/path><\/svg>\t\t\t\t\t\t<\/span>\n\t\t\t\t\t\t\t\t\t\t<span class=\"elementor-icon-list-text\">50.YIL MAH 2064 SK NO 22B SULTANGAZI\/ISTANBUL<\/span>\n\t\t\t\t\t\t\t\t\t<\/li>\n\t\t\t\t\t\t<\/ul>\n\t\t\t\t\t\t<\/div>\n\t\t\t\t<\/div>\n\t\t\t\t<div class=\"elementor-element elementor-element-4f20606 elementor-shape-rounded elementor-grid-0 e-grid-align-center elementor-widget elementor-widget-social-icons\" data-id=\"4f20606\" data-element_type=\"widget\" data-widget_type=\"social-icons.default\">\n\t\t\t\t<div class=\"elementor-widget-container\">\n\t\t\t\t\t\t\t<div class=\"elementor-social-icons-wrapper elementor-grid\" role=\"list\">\n\t\t\t\t\t\t\t<span class=\"elementor-grid-item\" role=\"listitem\">\n\t\t\t\t\t<a class=\"elementor-icon elementor-social-icon elementor-social-icon-facebook elementor-repeater-item-4c233e6\" href=\"https:\/\/www.facebook.com\/cham.istanbul\" target=\"_blank\">\n\t\t\t\t\t\t<span class=\"elementor-screen-only\">Facebook<\/span>\n\t\t\t\t\t\t<svg aria-hidden=\"true\" class=\"e-font-icon-svg e-fab-facebook\" viewBox=\"0 0 512 512\" xmlns=\"http:\/\/www.w3.org\/2000\/svg\"><path d=\"M504 256C504 119 393 8 256 8S8 119 8 256c0 123.78 90.69 226.38 209.25 245V327.69h-63V256h63v-54.64c0-62.15 37-96.48 93.67-96.48 27.14 0 55.52 4.84 55.52 4.84v61h-31.28c-30.8 0-40.41 19.12-40.41 38.73V256h68.78l-11 71.69h-57.78V501C413.31 482.38 504 379.78 504 256z\"><\/path><\/svg>\t\t\t\t\t<\/a>\n\t\t\t\t<\/span>\n\t\t\t\t\t\t\t<span class=\"elementor-grid-item\" role=\"listitem\">\n\t\t\t\t\t<a class=\"elementor-icon elementor-social-icon elementor-social-icon-youtube elementor-repeater-item-3250c78\" href=\"https:\/\/www.youtube.com\/@CHAM.ISTANBUL\" target=\"_blank\">\n\t\t\t\t\t\t<span class=\"elementor-screen-only\">Youtube<\/span>\n\t\t\t\t\t\t<svg aria-hidden=\"true\" class=\"e-font-icon-svg e-fab-youtube\" viewBox=\"0 0 576 512\" xmlns=\"http:\/\/www.w3.org\/2000\/svg\"><path d=\"M549.655 124.083c-6.281-23.65-24.787-42.276-48.284-48.597C458.781 64 288 64 288 64S117.22 64 74.629 75.486c-23.497 6.322-42.003 24.947-48.284 48.597-11.412 42.867-11.412 132.305-11.412 132.305s0 89.438 11.412 132.305c6.281 23.65 24.787 41.5 48.284 47.821C117.22 448 288 448 288 448s170.78 0 213.371-11.486c23.497-6.321 42.003-24.171 48.284-47.821 11.412-42.867 11.412-132.305 11.412-132.305s0-89.438-11.412-132.305zm-317.51 213.508V175.185l142.739 81.205-142.739 81.201z\"><\/path><\/svg>\t\t\t\t\t<\/a>\n\t\t\t\t<\/span>\n\t\t\t\t\t\t\t<span class=\"elementor-grid-item\" role=\"listitem\">\n\t\t\t\t\t<a class=\"elementor-icon elementor-social-icon elementor-social-icon-instagram elementor-repeater-item-110f4fe\" href=\"https:\/\/www.instagram.com\/cham.istanbul\/?utm_source=qr&#038;igshid=MzNlNGNkZWQ4Mg\" target=\"_blank\">\n\t\t\t\t\t\t<span class=\"elementor-screen-only\">Instagram<\/span>\n\t\t\t\t\t\t<svg aria-hidden=\"true\" class=\"e-font-icon-svg e-fab-instagram\" viewBox=\"0 0 448 512\" xmlns=\"http:\/\/www.w3.org\/2000\/svg\"><path d=\"M224.1 141c-63.6 0-114.9 51.3-114.9 114.9s51.3 114.9 114.9 114.9S339 319.5 339 255.9 287.7 141 224.1 141zm0 189.6c-41.1 0-74.7-33.5-74.7-74.7s33.5-74.7 74.7-74.7 74.7 33.5 74.7 74.7-33.6 74.7-74.7 74.7zm146.4-194.3c0 14.9-12 26.8-26.8 26.8-14.9 0-26.8-12-26.8-26.8s12-26.8 26.8-26.8 26.8 12 26.8 26.8zm76.1 27.2c-1.7-35.9-9.9-67.7-36.2-93.9-26.2-26.2-58-34.4-93.9-36.2-37-2.1-147.9-2.1-184.9 0-35.8 1.7-67.6 9.9-93.9 36.1s-34.4 58-36.2 93.9c-2.1 37-2.1 147.9 0 184.9 1.7 35.9 9.9 67.7 36.2 93.9s58 34.4 93.9 36.2c37 2.1 147.9 2.1 184.9 0 35.9-1.7 67.7-9.9 93.9-36.2 26.2-26.2 34.4-58 36.2-93.9 2.1-37 2.1-147.8 0-184.8zM398.8 388c-7.8 19.6-22.9 34.7-42.6 42.6-29.5 11.7-99.5 9-132.1 9s-102.7 2.6-132.1-9c-19.6-7.8-34.7-22.9-42.6-42.6-11.7-29.5-9-99.5-9-132.1s-2.6-102.7 9-132.1c7.8-19.6 22.9-34.7 42.6-42.6 29.5-11.7 99.5-9 132.1-9s102.7-2.6 132.1 9c19.6 7.8 34.7 22.9 42.6 42.6 11.7 29.5 9 99.5 9 132.1s2.7 102.7-9 132.1z\"><\/path><\/svg>\t\t\t\t\t<\/a>\n\t\t\t\t<\/span>\n\t\t\t\t\t<\/div>\n\t\t\t\t\t\t<\/div>\n\t\t\t\t<\/div>\n\t\t\t\t\t<\/div>\n\t\t<\/div>\n\t\t\t\t\t<\/div>\n\t\t<\/section>\n\t\t\t\t<\/div>\n\t\t","protected":false},"excerpt":{"rendered":"<p>\u0627\u062a\u0635\u0644 \u0628\u0646\u0627 \u0627\u062a\u0635\u0644 \u0628\u0646\u0627 \u0625\u0630\u0627 \u0643\u0627\u0646\u062a \u0644\u062f\u064a\u0643 \u0623\u064a \u0623\u0633\u0626\u0644\u0629 Your Name Your Email Phone Number Company Your Message &#916; info@chamistanbul.com<\/p>\n","protected":false},"author":1,"featured_media":0,"parent":0,"menu_order":0,"comment_status":"closed","ping_status":"closed","template":"","meta":{"footnotes":""},"class_list":["post-16717","page","type-page","status-publish","hentry"],"yoast_head":"<!-- This site is optimized with the Yoast SEO plugin v26.4 - https:\/\/yoast.com\/wordpress\/plugins\/seo\/ -->\n<title>\u0627\u062a\u0635\u0644 \u0628\u0646\u0627 - \u00c7AM ISTANBUL<\/title>\n<meta name=\"robots\" content=\"index, follow, max-snippet:-1, max-image-preview:large, max-video-preview:-1\" \/>\n<link rel=\"canonical\" href=\"https:\/\/www.chamistanbul.com\/contact-us\/\" \/>\n<meta property=\"og:locale\" content=\"ar_AR\" \/>\n<meta property=\"og:type\" content=\"article\" \/>\n<meta property=\"og:title\" content=\"\u0627\u062a\u0635\u0644 \u0628\u0646\u0627 - \u00c7AM ISTANBUL\" \/>\n<meta property=\"og:description\" content=\"\u0627\u062a\u0635\u0644 \u0628\u0646\u0627 \u0627\u062a\u0635\u0644 \u0628\u0646\u0627 \u0625\u0630\u0627 \u0643\u0627\u0646\u062a \u0644\u062f\u064a\u0643 \u0623\u064a \u0623\u0633\u0626\u0644\u0629 Your Name Your Email Phone Number Company Your Message &#916; info@chamistanbul.com\" \/>\n<meta property=\"og:url\" content=\"https:\/\/www.chamistanbul.com\/contact-us\/\" \/>\n<meta property=\"og:site_name\" content=\"\u00c7AM ISTANBUL\" \/>\n<meta property=\"article:publisher\" content=\"https:\/\/www.facebook.com\/cham.istanbul\" \/>\n<meta property=\"article:modified_time\" content=\"2024-01-19T15:08:36+00:00\" \/>\n<meta property=\"og:image\" content=\"https:\/\/www.chamistanbul.com\/wp-content\/uploads\/2023\/12\/Untitled-design-300x300.png\" \/>\n<meta name=\"twitter:card\" content=\"summary_large_image\" \/>\n<meta name=\"twitter:label1\" content=\"Est. reading time\" \/>\n\t<meta name=\"twitter:data1\" content=\"1 minute\" \/>\n<script type=\"application\/ld+json\" class=\"yoast-schema-graph\">{\"@context\":\"https:\/\/schema.org\",\"@graph\":[{\"@type\":\"WebPage\",\"@id\":\"https:\/\/www.chamistanbul.com\/contact-us\/\",\"url\":\"https:\/\/www.chamistanbul.com\/contact-us\/\",\"name\":\"\u0627\u062a\u0635\u0644 \u0628\u0646\u0627 - \u00c7AM ISTANBUL\",\"isPartOf\":{\"@id\":\"https:\/\/www.chamistanbul.com\/#website\"},\"primaryImageOfPage\":{\"@id\":\"https:\/\/www.chamistanbul.com\/contact-us\/#primaryimage\"},\"image\":{\"@id\":\"https:\/\/www.chamistanbul.com\/contact-us\/#primaryimage\"},\"thumbnailUrl\":\"https:\/\/www.chamistanbul.com\/wp-content\/uploads\/2023\/12\/Untitled-design-300x300.png\",\"datePublished\":\"2021-10-12T16:27:24+00:00\",\"dateModified\":\"2024-01-19T15:08:36+00:00\",\"breadcrumb\":{\"@id\":\"https:\/\/www.chamistanbul.com\/contact-us\/#breadcrumb\"},\"inLanguage\":\"ar\",\"potentialAction\":[{\"@type\":\"ReadAction\",\"target\":[\"https:\/\/www.chamistanbul.com\/contact-us\/\"]}]},{\"@type\":\"ImageObject\",\"inLanguage\":\"ar\",\"@id\":\"https:\/\/www.chamistanbul.com\/contact-us\/#primaryimage\",\"url\":\"https:\/\/www.chamistanbul.com\/wp-content\/uploads\/2023\/12\/Untitled-design-300x300.png\",\"contentUrl\":\"https:\/\/www.chamistanbul.com\/wp-content\/uploads\/2023\/12\/Untitled-design-300x300.png\"},{\"@type\":\"BreadcrumbList\",\"@id\":\"https:\/\/www.chamistanbul.com\/contact-us\/#breadcrumb\",\"itemListElement\":[{\"@type\":\"ListItem\",\"position\":1,\"name\":\"Home\",\"item\":\"https:\/\/www.chamistanbul.com\/ar\/\"},{\"@type\":\"ListItem\",\"position\":2,\"name\":\"\u0627\u062a\u0635\u0644 \u0628\u0646\u0627\"}]},{\"@type\":\"WebSite\",\"@id\":\"https:\/\/www.chamistanbul.com\/#website\",\"url\":\"https:\/\/www.chamistanbul.com\/\",\"name\":\"\u00c7AM ISTANBUL\",\"description\":\"\u00c7AM \u0130STANBUL Mobilya ve dekor , Interior Designing &amp; Manufacturing by our Factory  in Turkey  based in Istanbul , since 2021. Managed by a team highber.\",\"publisher\":{\"@id\":\"https:\/\/www.chamistanbul.com\/#organization\"},\"potentialAction\":[{\"@type\":\"SearchAction\",\"target\":{\"@type\":\"EntryPoint\",\"urlTemplate\":\"https:\/\/www.chamistanbul.com\/?s={search_term_string}\"},\"query-input\":{\"@type\":\"PropertyValueSpecification\",\"valueRequired\":true,\"valueName\":\"search_term_string\"}}],\"inLanguage\":\"ar\"},{\"@type\":\"Organization\",\"@id\":\"https:\/\/www.chamistanbul.com\/#organization\",\"name\":\"\u00c7AM ISTANBUL\",\"url\":\"https:\/\/www.chamistanbul.com\/\",\"logo\":{\"@type\":\"ImageObject\",\"inLanguage\":\"ar\",\"@id\":\"https:\/\/www.chamistanbul.com\/#\/schema\/logo\/image\/\",\"url\":\"https:\/\/www.chamistanbul.com\/wp-content\/uploads\/2021\/10\/cropped-Untitled-1-1.png\",\"contentUrl\":\"https:\/\/www.chamistanbul.com\/wp-content\/uploads\/2021\/10\/cropped-Untitled-1-1.png\",\"width\":512,\"height\":512,\"caption\":\"\u00c7AM ISTANBUL\"},\"image\":{\"@id\":\"https:\/\/www.chamistanbul.com\/#\/schema\/logo\/image\/\"},\"sameAs\":[\"https:\/\/www.facebook.com\/cham.istanbul\",\"https:\/\/www.instagram.com\/cham.istanbul\/?utm_source=qr&igshid=MzNlNGNkZWQ4Mg\"]}]}<\/script>\n<!-- \/ Yoast SEO plugin. -->","yoast_head_json":{"title":"\u0627\u062a\u0635\u0644 \u0628\u0646\u0627 - \u00c7AM ISTANBUL","robots":{"index":"index","follow":"follow","max-snippet":"max-snippet:-1","max-image-preview":"max-image-preview:large","max-video-preview":"max-video-preview:-1"},"canonical":"https:\/\/www.chamistanbul.com\/contact-us\/","og_locale":"ar_AR","og_type":"article","og_title":"\u0627\u062a\u0635\u0644 \u0628\u0646\u0627 - \u00c7AM ISTANBUL","og_description":"\u0627\u062a\u0635\u0644 \u0628\u0646\u0627 \u0627\u062a\u0635\u0644 \u0628\u0646\u0627 \u0625\u0630\u0627 \u0643\u0627\u0646\u062a \u0644\u062f\u064a\u0643 \u0623\u064a \u0623\u0633\u0626\u0644\u0629 Your Name Your Email Phone Number Company Your Message &#916; info@chamistanbul.com","og_url":"https:\/\/www.chamistanbul.com\/contact-us\/","og_site_name":"\u00c7AM ISTANBUL","article_publisher":"https:\/\/www.facebook.com\/cham.istanbul","article_modified_time":"2024-01-19T15:08:36+00:00","og_image":[{"url":"https:\/\/www.chamistanbul.com\/wp-content\/uploads\/2023\/12\/Untitled-design-300x300.png","type":"","width":"","height":""}],"twitter_card":"summary_large_image","twitter_misc":{"Est. reading time":"1 minute"},"schema":{"@context":"https:\/\/schema.org","@graph":[{"@type":"WebPage","@id":"https:\/\/www.chamistanbul.com\/contact-us\/","url":"https:\/\/www.chamistanbul.com\/contact-us\/","name":"\u0627\u062a\u0635\u0644 \u0628\u0646\u0627 - \u00c7AM ISTANBUL","isPartOf":{"@id":"https:\/\/www.chamistanbul.com\/#website"},"primaryImageOfPage":{"@id":"https:\/\/www.chamistanbul.com\/contact-us\/#primaryimage"},"image":{"@id":"https:\/\/www.chamistanbul.com\/contact-us\/#primaryimage"},"thumbnailUrl":"https:\/\/www.chamistanbul.com\/wp-content\/uploads\/2023\/12\/Untitled-design-300x300.png","datePublished":"2021-10-12T16:27:24+00:00","dateModified":"2024-01-19T15:08:36+00:00","breadcrumb":{"@id":"https:\/\/www.chamistanbul.com\/contact-us\/#breadcrumb"},"inLanguage":"ar","potentialAction":[{"@type":"ReadAction","target":["https:\/\/www.chamistanbul.com\/contact-us\/"]}]},{"@type":"ImageObject","inLanguage":"ar","@id":"https:\/\/www.chamistanbul.com\/contact-us\/#primaryimage","url":"https:\/\/www.chamistanbul.com\/wp-content\/uploads\/2023\/12\/Untitled-design-300x300.png","contentUrl":"https:\/\/www.chamistanbul.com\/wp-content\/uploads\/2023\/12\/Untitled-design-300x300.png"},{"@type":"BreadcrumbList","@id":"https:\/\/www.chamistanbul.com\/contact-us\/#breadcrumb","itemListElement":[{"@type":"ListItem","position":1,"name":"Home","item":"https:\/\/www.chamistanbul.com\/ar\/"},{"@type":"ListItem","position":2,"name":"\u0627\u062a\u0635\u0644 \u0628\u0646\u0627"}]},{"@type":"WebSite","@id":"https:\/\/www.chamistanbul.com\/#website","url":"https:\/\/www.chamistanbul.com\/","name":"\u00c7AM ISTANBUL","description":"\u00c7AM \u0130STANBUL Mobilya ve dekor , Interior Designing &amp; Manufacturing by our Factory  in Turkey  based in Istanbul , since 2021. Managed by a team highber.","publisher":{"@id":"https:\/\/www.chamistanbul.com\/#organization"},"potentialAction":[{"@type":"SearchAction","target":{"@type":"EntryPoint","urlTemplate":"https:\/\/www.chamistanbul.com\/?s={search_term_string}"},"query-input":{"@type":"PropertyValueSpecification","valueRequired":true,"valueName":"search_term_string"}}],"inLanguage":"ar"},{"@type":"Organization","@id":"https:\/\/www.chamistanbul.com\/#organization","name":"\u00c7AM ISTANBUL","url":"https:\/\/www.chamistanbul.com\/","logo":{"@type":"ImageObject","inLanguage":"ar","@id":"https:\/\/www.chamistanbul.com\/#\/schema\/logo\/image\/","url":"https:\/\/www.chamistanbul.com\/wp-content\/uploads\/2021\/10\/cropped-Untitled-1-1.png","contentUrl":"https:\/\/www.chamistanbul.com\/wp-content\/uploads\/2021\/10\/cropped-Untitled-1-1.png","width":512,"height":512,"caption":"\u00c7AM ISTANBUL"},"image":{"@id":"https:\/\/www.chamistanbul.com\/#\/schema\/logo\/image\/"},"sameAs":["https:\/\/www.facebook.com\/cham.istanbul","https:\/\/www.instagram.com\/cham.istanbul\/?utm_source=qr&igshid=MzNlNGNkZWQ4Mg"]}]}},"_links":{"self":[{"href":"https:\/\/www.chamistanbul.com\/ar\/wp-json\/wp\/v2\/pages\/16717","targetHints":{"allow":["GET"]}}],"collection":[{"href":"https:\/\/www.chamistanbul.com\/ar\/wp-json\/wp\/v2\/pages"}],"about":[{"href":"https:\/\/www.chamistanbul.com\/ar\/wp-json\/wp\/v2\/types\/page"}],"author":[{"embeddable":true,"href":"https:\/\/www.chamistanbul.com\/ar\/wp-json\/wp\/v2\/users\/1"}],"replies":[{"embeddable":true,"href":"https:\/\/www.chamistanbul.com\/ar\/wp-json\/wp\/v2\/comments?post=16717"}],"version-history":[{"count":10,"href":"https:\/\/www.chamistanbul.com\/ar\/wp-json\/wp\/v2\/pages\/16717\/revisions"}],"predecessor-version":[{"id":17346,"href":"https:\/\/www.chamistanbul.com\/ar\/wp-json\/wp\/v2\/pages\/16717\/revisions\/17346"}],"wp:attachment":[{"href":"https:\/\/www.chamistanbul.com\/ar\/wp-json\/wp\/v2\/media?parent=16717"}],"curies":[{"name":"wp","href":"https:\/\/api.w.org\/{rel}","templated":true}]}}